{"id":1354,"date":"2022-06-22T08:36:02","date_gmt":"2022-06-22T08:36:02","guid":{"rendered":"https:\/\/startersites.io\/elementor\/persona\/?page_id=1354"},"modified":"2024-09-06T10:53:58","modified_gmt":"2024-09-06T13:53:58","slug":"services","status":"publish","type":"page","link":"https:\/\/grupo-inn.com\/index.php\/services\/","title":{"rendered":"Solu\u00e7\u00f5es"},"content":{"rendered":"\t\t<div data-elementor-type=\"wp-page\" data-elementor-id=\"1354\" class=\"elementor elementor-1354\" data-elementor-post-type=\"page\">\n\t\t\t\t<div class=\"elementor-element elementor-element-556f378 e-flex e-con-boxed e-con e-parent\" data-id=\"556f378\" data-element_type=\"container\">\n\t\t\t\t\t<div class=\"e-con-inner\">\n\t\t<div class=\"elementor-element elementor-element-6038570 e-con-full e-flex e-con e-child\" data-id=\"6038570\" data-element_type=\"container\" data-settings=\"{&quot;background_background&quot;:&quot;classic&quot;}\">\n\t\t\t\t<div class=\"elementor-element elementor-element-7919dc9 elementor-position-top elementor-widget elementor-widget-image-box\" data-id=\"7919dc9\" data-element_type=\"widget\" data-widget_type=\"image-box.default\">\n\t\t\t\t<div class=\"elementor-widget-container\">\n\t\t\t\t\t<div class=\"elementor-image-box-wrapper\"><figure class=\"elementor-image-box-img\"><img fetchpriority=\"high\" decoding=\"async\" width=\"673\" height=\"134\" src=\"https:\/\/grupo-inn.com\/wp-content\/uploads\/2024\/06\/LOGO-INNEXPRESS-ORIGINAL.png\" class=\"attachment-full size-full wp-image-1488\" alt=\"\" srcset=\"https:\/\/grupo-inn.com\/wp-content\/uploads\/2024\/06\/LOGO-INNEXPRESS-ORIGINAL.png 673w, https:\/\/grupo-inn.com\/wp-content\/uploads\/2024\/06\/LOGO-INNEXPRESS-ORIGINAL-300x60.png 300w\" sizes=\"(max-width: 673px) 100vw, 673px\" \/><\/figure><div class=\"elementor-image-box-content\"><p class=\"elementor-image-box-description\">Contabilidade para o seu tamanho: O INNExpress \u00e9 a solu\u00e7\u00e3o pensada e feita para o tamanho da sua empresa, de forma \u00e1gil e de acordo com o que voc\u00ea precisa hoje.\n<\/p><\/div><\/div>\t\t\t\t<\/div>\n\t\t\t\t<\/div>\n\t\t\t\t<div class=\"elementor-element elementor-element-697ccc9 elementor-align-center elementor-mobile-align-center elementor-widget elementor-widget-button\" data-id=\"697ccc9\" data-element_type=\"widget\" data-widget_type=\"button.default\">\n\t\t\t\t<div class=\"elementor-widget-container\">\n\t\t\t\t\t\t\t\t\t<div class=\"elementor-button-wrapper\">\n\t\t\t\t\t<a class=\"elementor-button elementor-button-link elementor-size-md\" href=\"http:\/\/grupo-inn.com\/index.php\/llinnexpress\/\">\n\t\t\t\t\t\t<span class=\"elementor-button-content-wrapper\">\n\t\t\t\t\t\t\t\t\t<span class=\"elementor-button-text\">Saiba mais<\/span>\n\t\t\t\t\t<\/span>\n\t\t\t\t\t<\/a>\n\t\t\t\t<\/div>\n\t\t\t\t\t\t\t\t<\/div>\n\t\t\t\t<\/div>\n\t\t\t\t<\/div>\n\t\t<div class=\"elementor-element elementor-element-1db4980 e-con-full e-flex e-con e-child\" data-id=\"1db4980\" data-element_type=\"container\" data-settings=\"{&quot;background_background&quot;:&quot;classic&quot;}\">\n\t\t\t\t<div class=\"elementor-element elementor-element-579dec6 elementor-position-top elementor-widget elementor-widget-image-box\" data-id=\"579dec6\" data-element_type=\"widget\" data-widget_type=\"image-box.default\">\n\t\t\t\t<div class=\"elementor-widget-container\">\n\t\t\t\t\t<div class=\"elementor-image-box-wrapper\"><figure class=\"elementor-image-box-img\"><img decoding=\"async\" width=\"2208\" height=\"401\" src=\"https:\/\/grupo-inn.com\/wp-content\/uploads\/2024\/06\/LOGO-INNSOLUTION.png\" class=\"attachment-full size-full wp-image-1490\" alt=\"\" srcset=\"https:\/\/grupo-inn.com\/wp-content\/uploads\/2024\/06\/LOGO-INNSOLUTION.png 2208w, https:\/\/grupo-inn.com\/wp-content\/uploads\/2024\/06\/LOGO-INNSOLUTION-300x54.png 300w, https:\/\/grupo-inn.com\/wp-content\/uploads\/2024\/06\/LOGO-INNSOLUTION-1024x186.png 1024w, https:\/\/grupo-inn.com\/wp-content\/uploads\/2024\/06\/LOGO-INNSOLUTION-768x139.png 768w, https:\/\/grupo-inn.com\/wp-content\/uploads\/2024\/06\/LOGO-INNSOLUTION-1536x279.png 1536w, https:\/\/grupo-inn.com\/wp-content\/uploads\/2024\/06\/LOGO-INNSOLUTION-2048x372.png 2048w\" sizes=\"(max-width: 2208px) 100vw, 2208px\" \/><\/figure><div class=\"elementor-image-box-content\"><p class=\"elementor-image-box-description\">Assessoria cont\u00e1bil para Grandes e M\u00e9dias empresas: O INNSolution \u00e9 uma solu\u00e7\u00e3o que oferece contabilidade personalizada para grandes e m\u00e9dias empresas, atendendo cada necessidade com assertividade, seguran\u00e7a e de forma \u00fanica.\n<\/p><\/div><\/div>\t\t\t\t<\/div>\n\t\t\t\t<\/div>\n\t\t\t\t<div class=\"elementor-element elementor-element-c22e477 elementor-align-center elementor-mobile-align-center elementor-widget elementor-widget-button\" data-id=\"c22e477\" data-element_type=\"widget\" data-widget_type=\"button.default\">\n\t\t\t\t<div class=\"elementor-widget-container\">\n\t\t\t\t\t\t\t\t\t<div class=\"elementor-button-wrapper\">\n\t\t\t\t\t<a class=\"elementor-button elementor-button-link elementor-size-md\" href=\"http:\/\/grupo-inn.com\/index.php\/innsolution\/\">\n\t\t\t\t\t\t<span class=\"elementor-button-content-wrapper\">\n\t\t\t\t\t\t\t\t\t<span class=\"elementor-button-text\">Saiba mais<\/span>\n\t\t\t\t\t<\/span>\n\t\t\t\t\t<\/a>\n\t\t\t\t<\/div>\n\t\t\t\t\t\t\t\t<\/div>\n\t\t\t\t<\/div>\n\t\t\t\t<\/div>\n\t\t<div class=\"elementor-element elementor-element-247372d e-con-full e-flex e-con e-child\" data-id=\"247372d\" data-element_type=\"container\" data-settings=\"{&quot;background_background&quot;:&quot;classic&quot;}\">\n\t\t\t\t<div class=\"elementor-element elementor-element-e571212 elementor-position-top elementor-widget elementor-widget-image-box\" data-id=\"e571212\" data-element_type=\"widget\" data-widget_type=\"image-box.default\">\n\t\t\t\t<div class=\"elementor-widget-container\">\n\t\t\t\t\t<div class=\"elementor-image-box-wrapper\"><figure class=\"elementor-image-box-img\"><img decoding=\"async\" width=\"674\" height=\"366\" src=\"https:\/\/grupo-inn.com\/wp-content\/uploads\/2024\/06\/LOGO-INNOVATECH.png\" class=\"attachment-full size-full wp-image-1489\" alt=\"\" srcset=\"https:\/\/grupo-inn.com\/wp-content\/uploads\/2024\/06\/LOGO-INNOVATECH.png 674w, https:\/\/grupo-inn.com\/wp-content\/uploads\/2024\/06\/LOGO-INNOVATECH-300x163.png 300w\" sizes=\"(max-width: 674px) 100vw, 674px\" \/><\/figure><div class=\"elementor-image-box-content\"><p class=\"elementor-image-box-description\">Solu\u00e7\u00e3o cont\u00e1bil para Startups e empresas de Tecnologia: Somos especialistas em atender o mercado Tech, oferecendo solu\u00e7\u00f5es cont\u00e1beis modernas e alinhadas com as necessidades din\u00e2micas desse setor, permitindo que seus neg\u00f3cios cres\u00e7am com seguran\u00e7a e inova\u00e7\u00e3o.\n<\/p><\/div><\/div>\t\t\t\t<\/div>\n\t\t\t\t<\/div>\n\t\t\t\t<div class=\"elementor-element elementor-element-70a6a92 elementor-align-center elementor-mobile-align-center elementor-widget elementor-widget-button\" data-id=\"70a6a92\" data-element_type=\"widget\" data-widget_type=\"button.default\">\n\t\t\t\t<div class=\"elementor-widget-container\">\n\t\t\t\t\t\t\t\t\t<div class=\"elementor-button-wrapper\">\n\t\t\t\t\t<a class=\"elementor-button elementor-button-link elementor-size-md\" href=\"http:\/\/grupo-inn.com\/index.php\/innovatech\/\">\n\t\t\t\t\t\t<span class=\"elementor-button-content-wrapper\">\n\t\t\t\t\t\t\t\t\t<span class=\"elementor-button-text\">Saiba mais<\/span>\n\t\t\t\t\t<\/span>\n\t\t\t\t\t<\/a>\n\t\t\t\t<\/div>\n\t\t\t\t\t\t\t\t<\/div>\n\t\t\t\t<\/div>\n\t\t\t\t<\/div>\n\t\t\t\t\t<\/div>\n\t\t\t\t<\/div>\n\t\t<div class=\"elementor-element elementor-element-62d7904 e-flex e-con-boxed e-con e-parent\" data-id=\"62d7904\" data-element_type=\"container\">\n\t\t\t\t\t<div class=\"e-con-inner\">\n\t\t<div class=\"elementor-element elementor-element-2e2fd1d e-con-full e-flex e-con e-child\" data-id=\"2e2fd1d\" data-element_type=\"container\" data-settings=\"{&quot;background_background&quot;:&quot;classic&quot;}\">\n\t\t\t\t<div class=\"elementor-element elementor-element-09a0d68 elementor-position-top elementor-widget elementor-widget-image-box\" data-id=\"09a0d68\" data-element_type=\"widget\" data-widget_type=\"image-box.default\">\n\t\t\t\t<div class=\"elementor-widget-container\">\n\t\t\t\t\t<div class=\"elementor-image-box-wrapper\"><figure class=\"elementor-image-box-img\"><img loading=\"lazy\" decoding=\"async\" width=\"858\" height=\"218\" src=\"https:\/\/grupo-inn.com\/wp-content\/uploads\/2024\/06\/INNCONSULT-LOGO.png\" class=\"attachment-full size-full wp-image-1487\" alt=\"\" srcset=\"https:\/\/grupo-inn.com\/wp-content\/uploads\/2024\/06\/INNCONSULT-LOGO.png 858w, https:\/\/grupo-inn.com\/wp-content\/uploads\/2024\/06\/INNCONSULT-LOGO-300x76.png 300w, https:\/\/grupo-inn.com\/wp-content\/uploads\/2024\/06\/INNCONSULT-LOGO-768x195.png 768w\" sizes=\"(max-width: 858px) 100vw, 858px\" \/><\/figure><div class=\"elementor-image-box-content\"><p class=\"elementor-image-box-description\">Desenvolvimento para o seu neg\u00f3cio: O INNConsult \u00e9 a nossa solu\u00e7\u00e3o voltada para o desenvolvimento e capacita\u00e7\u00e3o das empresas, atrav\u00e9s de consultorias, mentorias e capacita\u00e7\u00f5es em:\n<br>Processos internos\nDesenvolvimento de lideran\u00e7as<br>\nGest\u00e3o financeira\n- Gest\u00e3o comercial \n- Gest\u00e3o estrat\u00e9gica\n<\/p><\/div><\/div>\t\t\t\t<\/div>\n\t\t\t\t<\/div>\n\t\t\t\t<div class=\"elementor-element elementor-element-7e5a7d3 elementor-align-center elementor-mobile-align-center elementor-widget elementor-widget-button\" data-id=\"7e5a7d3\" data-element_type=\"widget\" data-widget_type=\"button.default\">\n\t\t\t\t<div class=\"elementor-widget-container\">\n\t\t\t\t\t\t\t\t\t<div class=\"elementor-button-wrapper\">\n\t\t\t\t\t<a class=\"elementor-button elementor-button-link elementor-size-md\" href=\"http:\/\/grupo-inn.com\/index.php\/innconsult\/\">\n\t\t\t\t\t\t<span class=\"elementor-button-content-wrapper\">\n\t\t\t\t\t\t\t\t\t<span class=\"elementor-button-text\">Saiba mais<\/span>\n\t\t\t\t\t<\/span>\n\t\t\t\t\t<\/a>\n\t\t\t\t<\/div>\n\t\t\t\t\t\t\t\t<\/div>\n\t\t\t\t<\/div>\n\t\t\t\t<\/div>\n\t\t<div class=\"elementor-element elementor-element-763e5aa e-con-full e-flex e-con e-child\" data-id=\"763e5aa\" data-element_type=\"container\" data-settings=\"{&quot;background_background&quot;:&quot;classic&quot;}\">\n\t\t\t\t<div class=\"elementor-element elementor-element-e4cab93 elementor-position-top elementor-widget elementor-widget-image-box\" data-id=\"e4cab93\" data-element_type=\"widget\" data-widget_type=\"image-box.default\">\n\t\t\t\t<div class=\"elementor-widget-container\">\n\t\t\t\t\t<div class=\"elementor-image-box-wrapper\"><figure class=\"elementor-image-box-img\"><img loading=\"lazy\" decoding=\"async\" width=\"840\" height=\"250\" src=\"https:\/\/grupo-inn.com\/wp-content\/uploads\/2024\/06\/INNBPO-LOGO-VERMELHO.png\" class=\"attachment-full size-full wp-image-1486\" alt=\"\" srcset=\"https:\/\/grupo-inn.com\/wp-content\/uploads\/2024\/06\/INNBPO-LOGO-VERMELHO.png 840w, https:\/\/grupo-inn.com\/wp-content\/uploads\/2024\/06\/INNBPO-LOGO-VERMELHO-300x89.png 300w, https:\/\/grupo-inn.com\/wp-content\/uploads\/2024\/06\/INNBPO-LOGO-VERMELHO-768x229.png 768w\" sizes=\"(max-width: 840px) 100vw, 840px\" \/><\/figure><div class=\"elementor-image-box-content\"><p class=\"elementor-image-box-description\">Terceiriza\u00e7\u00e3o de servi\u00e7os financeiros, faturamento e folha de pagamento: O INNBPO \u00e9 a solu\u00e7\u00e3o ideal para empresas que buscam terceiriza\u00e7\u00e3o de servi\u00e7os com foco em efici\u00eancia, redu\u00e7\u00e3o de custos e processos simplificados. Com essa solu\u00e7\u00e3o sua empresa ganha em agilidade e foco estrat\u00e9gico, pois facilita a conex\u00e3o dos entreg\u00e1veis de cada neg\u00f3cio. \n<\/p><\/div><\/div>\t\t\t\t<\/div>\n\t\t\t\t<\/div>\n\t\t\t\t<div class=\"elementor-element elementor-element-9148400 elementor-align-center elementor-mobile-align-center elementor-widget elementor-widget-button\" data-id=\"9148400\" data-element_type=\"widget\" data-widget_type=\"button.default\">\n\t\t\t\t<div class=\"elementor-widget-container\">\n\t\t\t\t\t\t\t\t\t<div class=\"elementor-button-wrapper\">\n\t\t\t\t\t<a class=\"elementor-button elementor-button-link elementor-size-md\" href=\"http:\/\/grupo-inn.com\/index.php\/elementor-6\/\">\n\t\t\t\t\t\t<span class=\"elementor-button-content-wrapper\">\n\t\t\t\t\t\t\t\t\t<span class=\"elementor-button-text\">Saiba mais<\/span>\n\t\t\t\t\t<\/span>\n\t\t\t\t\t<\/a>\n\t\t\t\t<\/div>\n\t\t\t\t\t\t\t\t<\/div>\n\t\t\t\t<\/div>\n\t\t\t\t<\/div>\n\t\t\t\t\t<\/div>\n\t\t\t\t<\/div>\n\t\t\t\t<\/div>\n\t\t","protected":false},"excerpt":{"rendered":"<p>Contabilidade para o seu tamanho: O INNExpress \u00e9 a solu\u00e7\u00e3o pensada e feita para o tamanho da sua empresa, de forma \u00e1gil e de acordo com o que voc\u00ea precisa hoje. Saiba mais Assessoria cont\u00e1bil para Grandes e M\u00e9dias empresas: O INNSolution \u00e9 uma solu\u00e7\u00e3o que oferece contabilidade personalizada para grandes e m\u00e9dias empresas, atendendo [&hellip;]<\/p>\n","protected":false},"author":1,"featured_media":0,"parent":0,"menu_order":0,"comment_status":"closed","ping_status":"closed","template":"","meta":{"footnotes":""},"class_list":["post-1354","page","type-page","status-publish","hentry"],"blocksy_meta":{"styles_descriptor":{"styles":{"desktop":"","tablet":"","mobile":""},"google_fonts":[],"version":6}},"_links":{"self":[{"href":"https:\/\/grupo-inn.com\/index.php\/wp-json\/wp\/v2\/pages\/1354","targetHints":{"allow":["GET"]}}],"collection":[{"href":"https:\/\/grupo-inn.com\/index.php\/wp-json\/wp\/v2\/pages"}],"about":[{"href":"https:\/\/grupo-inn.com\/index.php\/wp-json\/wp\/v2\/types\/page"}],"author":[{"embeddable":true,"href":"https:\/\/grupo-inn.com\/index.php\/wp-json\/wp\/v2\/users\/1"}],"replies":[{"embeddable":true,"href":"https:\/\/grupo-inn.com\/index.php\/wp-json\/wp\/v2\/comments?post=1354"}],"version-history":[{"count":0,"href":"https:\/\/grupo-inn.com\/index.php\/wp-json\/wp\/v2\/pages\/1354\/revisions"}],"wp:attachment":[{"href":"https:\/\/grupo-inn.com\/index.php\/wp-json\/wp\/v2\/media?parent=1354"}],"curies":[{"name":"wp","href":"https:\/\/api.w.org\/{rel}","templated":true}]}}