{"id":6,"date":"2024-07-08T10:44:23","date_gmt":"2024-07-08T13:44:23","guid":{"rendered":"http:\/\/grupo-inn.com\/?page_id=6"},"modified":"2024-10-11T14:26:30","modified_gmt":"2024-10-11T17:26:30","slug":"elementor-6","status":"publish","type":"page","link":"http:\/\/grupo-inn.com\/index.php\/elementor-6\/","title":{"rendered":"InnBPO"},"content":{"rendered":"\t\t<div data-elementor-type=\"wp-post\" data-elementor-id=\"6\" class=\"elementor elementor-6\" data-elementor-post-type=\"page\">\n\t\t\t\t<div class=\"elementor-element elementor-element-90ca587 e-flex e-con-boxed e-con e-parent\" data-id=\"90ca587\" data-element_type=\"container\" data-settings=\"{&quot;background_background&quot;:&quot;classic&quot;}\">\n\t\t\t\t\t<div class=\"e-con-inner\">\n\t\t<div class=\"elementor-element elementor-element-be946a4 e-con-full e-flex e-con e-child\" data-id=\"be946a4\" data-element_type=\"container\">\n\t\t\t\t<div class=\"elementor-element elementor-element-7ed94c1 elementor-widget elementor-widget-image\" data-id=\"7ed94c1\" data-element_type=\"widget\" data-widget_type=\"image.default\">\n\t\t\t\t<div class=\"elementor-widget-container\">\n\t\t\t\t\t\t\t\t\t\t\t\t\t\t\t<img fetchpriority=\"high\" decoding=\"async\" width=\"1024\" height=\"417\" src=\"http:\/\/grupo-inn.com\/wp-content\/uploads\/2024\/07\/Logos-ibp-inn-1024x417.png\" class=\"attachment-large size-large wp-image-1564\" alt=\"\" srcset=\"http:\/\/grupo-inn.com\/wp-content\/uploads\/2024\/07\/Logos-ibp-inn-1024x417.png 1024w, http:\/\/grupo-inn.com\/wp-content\/uploads\/2024\/07\/Logos-ibp-inn-300x122.png 300w, http:\/\/grupo-inn.com\/wp-content\/uploads\/2024\/07\/Logos-ibp-inn-768x313.png 768w, http:\/\/grupo-inn.com\/wp-content\/uploads\/2024\/07\/Logos-ibp-inn.png 1080w\" sizes=\"(max-width: 1024px) 100vw, 1024px\" \/>\t\t\t\t\t\t\t\t\t\t\t\t\t\t\t<\/div>\n\t\t\t\t<\/div>\n\t\t\t\t<div class=\"elementor-element elementor-element-bdc5564 elementor-widget elementor-widget-heading\" data-id=\"bdc5564\" data-element_type=\"widget\" data-widget_type=\"heading.default\">\n\t\t\t\t<div class=\"elementor-widget-container\">\n\t\t\t\t\t<h2 class=\"elementor-heading-title elementor-size-default\">Sua <b>opera\u00e7\u00e3o<\/b> <b>terceirizada<\/b> com efici\u00eancia, <b>redu\u00e7\u00e3o<\/b> de custos e <b>processos<\/b> <b>simplificados<\/b>\n<\/h2>\t\t\t\t<\/div>\n\t\t\t\t<\/div>\n\t\t\t\t<div class=\"elementor-element elementor-element-72739d0 elementor-widget elementor-widget-heading\" data-id=\"72739d0\" data-element_type=\"widget\" data-widget_type=\"heading.default\">\n\t\t\t\t<div class=\"elementor-widget-container\">\n\t\t\t\t\t<h2 class=\"elementor-heading-title elementor-size-default\">Confie no GrupoInn para uma contabilidade de alto desempenho que oferece compliance garantido, visibilidade financeira e atendimento especializado.<\/h2>\t\t\t\t<\/div>\n\t\t\t\t<\/div>\n\t\t\t\t<div class=\"elementor-element elementor-element-343b845 elementor-widget elementor-widget-button\" data-id=\"343b845\" data-element_type=\"widget\" data-widget_type=\"button.default\">\n\t\t\t\t<div class=\"elementor-widget-container\">\n\t\t\t\t\t\t\t\t\t<div class=\"elementor-button-wrapper\">\n\t\t\t\t\t<a class=\"elementor-button elementor-button-link elementor-size-sm\" href=\"https:\/\/api.whatsapp.com\/send\/?phone=555198202441&#038;text&#038;type=phone_number&#038;app_absent=0\">\n\t\t\t\t\t\t<span class=\"elementor-button-content-wrapper\">\n\t\t\t\t\t\t\t\t\t<span class=\"elementor-button-text\">Fale com um especialista<\/span>\n\t\t\t\t\t<\/span>\n\t\t\t\t\t<\/a>\n\t\t\t\t<\/div>\n\t\t\t\t\t\t\t\t<\/div>\n\t\t\t\t<\/div>\n\t\t\t\t<\/div>\n\t\t<div class=\"elementor-element elementor-element-b16cd73 e-con-full e-flex e-con e-child\" data-id=\"b16cd73\" data-element_type=\"container\">\n\t\t\t\t<\/div>\n\t\t\t\t\t<\/div>\n\t\t\t\t<\/div>\n\t\t<div class=\"elementor-element elementor-element-eaa6565 e-flex e-con-boxed e-con e-parent\" data-id=\"eaa6565\" data-element_type=\"container\" data-settings=\"{&quot;background_background&quot;:&quot;classic&quot;}\">\n\t\t\t\t\t<div class=\"e-con-inner\">\n\t\t<div class=\"elementor-element elementor-element-065d2d3 e-con-full e-flex e-con e-child\" data-id=\"065d2d3\" data-element_type=\"container\">\n\t\t\t\t<div class=\"elementor-element elementor-element-a37118c elementor-position-left elementor-vertical-align-middle elementor-widget elementor-widget-image-box\" data-id=\"a37118c\" data-element_type=\"widget\" data-widget_type=\"image-box.default\">\n\t\t\t\t<div class=\"elementor-widget-container\">\n\t\t\t\t\t<div class=\"elementor-image-box-wrapper\"><figure class=\"elementor-image-box-img\"><img decoding=\"async\" width=\"512\" height=\"512\" src=\"http:\/\/grupo-inn.com\/wp-content\/uploads\/2024\/08\/dinheiro-2.png\" class=\"attachment-full size-full wp-image-1965\" alt=\"\" srcset=\"http:\/\/grupo-inn.com\/wp-content\/uploads\/2024\/08\/dinheiro-2.png 512w, http:\/\/grupo-inn.com\/wp-content\/uploads\/2024\/08\/dinheiro-2-300x300.png 300w, http:\/\/grupo-inn.com\/wp-content\/uploads\/2024\/08\/dinheiro-2-150x150.png 150w\" sizes=\"(max-width: 512px) 100vw, 512px\" \/><\/figure><div class=\"elementor-image-box-content\"><h3 class=\"elementor-image-box-title\">Gest\u00e3o Financeira<\/h3><p class=\"elementor-image-box-description\">Melhore sua gest\u00e3o finaceira e facilite os processos da sua empresa.<\/p><\/div><\/div>\t\t\t\t<\/div>\n\t\t\t\t<\/div>\n\t\t\t\t<\/div>\n\t\t<div class=\"elementor-element elementor-element-f73f6c3 e-con-full e-flex e-con e-child\" data-id=\"f73f6c3\" data-element_type=\"container\">\n\t\t\t\t<div class=\"elementor-element elementor-element-849e0de elementor-position-left elementor-vertical-align-middle elementor-widget elementor-widget-image-box\" data-id=\"849e0de\" data-element_type=\"widget\" data-widget_type=\"image-box.default\">\n\t\t\t\t<div class=\"elementor-widget-container\">\n\t\t\t\t\t<div class=\"elementor-image-box-wrapper\"><figure class=\"elementor-image-box-img\"><img decoding=\"async\" width=\"512\" height=\"512\" src=\"http:\/\/grupo-inn.com\/wp-content\/uploads\/2024\/08\/Relogio-1.png\" class=\"attachment-full size-full wp-image-1964\" alt=\"\" srcset=\"http:\/\/grupo-inn.com\/wp-content\/uploads\/2024\/08\/Relogio-1.png 512w, http:\/\/grupo-inn.com\/wp-content\/uploads\/2024\/08\/Relogio-1-300x300.png 300w, http:\/\/grupo-inn.com\/wp-content\/uploads\/2024\/08\/Relogio-1-150x150.png 150w\" sizes=\"(max-width: 512px) 100vw, 512px\" \/><\/figure><div class=\"elementor-image-box-content\"><h3 class=\"elementor-image-box-title\">Ganhe Tempo<\/h3><p class=\"elementor-image-box-description\">N\u00f3s cuidamos do operacional equanto voc\u00ea foca foca no crescimento.<\/p><\/div><\/div>\t\t\t\t<\/div>\n\t\t\t\t<\/div>\n\t\t\t\t<\/div>\n\t\t<div class=\"elementor-element elementor-element-597d8f5 e-con-full e-flex e-con e-child\" data-id=\"597d8f5\" data-element_type=\"container\">\n\t\t\t\t<div class=\"elementor-element elementor-element-7b502b7 elementor-position-left elementor-vertical-align-middle elementor-widget elementor-widget-image-box\" data-id=\"7b502b7\" data-element_type=\"widget\" data-widget_type=\"image-box.default\">\n\t\t\t\t<div class=\"elementor-widget-container\">\n\t\t\t\t\t<div class=\"elementor-image-box-wrapper\"><figure class=\"elementor-image-box-img\"><img loading=\"lazy\" decoding=\"async\" width=\"512\" height=\"512\" src=\"http:\/\/grupo-inn.com\/wp-content\/uploads\/2024\/08\/dedicacao.png\" class=\"attachment-full size-full wp-image-1963\" alt=\"\" srcset=\"http:\/\/grupo-inn.com\/wp-content\/uploads\/2024\/08\/dedicacao.png 512w, http:\/\/grupo-inn.com\/wp-content\/uploads\/2024\/08\/dedicacao-300x300.png 300w, http:\/\/grupo-inn.com\/wp-content\/uploads\/2024\/08\/dedicacao-150x150.png 150w\" sizes=\"(max-width: 512px) 100vw, 512px\" \/><\/figure><div class=\"elementor-image-box-content\"><h3 class=\"elementor-image-box-title\">Dedique-se ao seu neg\u00f3cio<\/h3><p class=\"elementor-image-box-description\">Aumente a sua redu\u00e7\u00e3o de custo enquanto focamos na opera\u00e7\u00e3o.<\/p><\/div><\/div>\t\t\t\t<\/div>\n\t\t\t\t<\/div>\n\t\t\t\t<\/div>\n\t\t\t\t\t<\/div>\n\t\t\t\t<\/div>\n\t\t<div class=\"elementor-element elementor-element-38edbc2 e-flex e-con-boxed e-con e-parent\" data-id=\"38edbc2\" data-element_type=\"container\" data-settings=\"{&quot;background_background&quot;:&quot;classic&quot;}\">\n\t\t\t\t\t<div class=\"e-con-inner\">\n\t\t\t\t<div class=\"elementor-element elementor-element-3f92ab7 elementor-widget elementor-widget-heading\" data-id=\"3f92ab7\" data-element_type=\"widget\" data-widget_type=\"heading.default\">\n\t\t\t\t<div class=\"elementor-widget-container\">\n\t\t\t\t\t<h2 class=\"elementor-heading-title elementor-size-default\">Junte-se \u00e0s empresas que <br>j\u00e1 confiam no <b>GrupoINN<\/b><\/h2>\t\t\t\t<\/div>\n\t\t\t\t<\/div>\n\t\t\t\t\t<\/div>\n\t\t\t\t<\/div>\n\t\t<div class=\"elementor-element elementor-element-037f296 e-flex e-con-boxed e-con e-parent\" data-id=\"037f296\" data-element_type=\"container\" data-settings=\"{&quot;background_background&quot;:&quot;classic&quot;}\">\n\t\t\t\t\t<div class=\"e-con-inner\">\n\t\t<div class=\"elementor-element elementor-element-5e284f1 e-con-full e-flex e-con e-child\" data-id=\"5e284f1\" data-element_type=\"container\">\n\t\t\t\t<div class=\"elementor-element elementor-element-bd22ebc elementor-widget elementor-widget-counter\" data-id=\"bd22ebc\" data-element_type=\"widget\" data-widget_type=\"counter.default\">\n\t\t\t\t<div class=\"elementor-widget-container\">\n\t\t\t\t\t\t\t<div class=\"elementor-counter\">\n\t\t\t<div class=\"elementor-counter-title\">poupados em custos operacionais<\/div>\t\t\t<div class=\"elementor-counter-number-wrapper\">\n\t\t\t\t<span class=\"elementor-counter-number-prefix\">+R$<\/span>\n\t\t\t\t<span class=\"elementor-counter-number\" data-duration=\"2000\" data-to-value=\"20\" data-from-value=\"0\" data-delimiter=\",\">0<\/span>\n\t\t\t\t<span class=\"elementor-counter-number-suffix\">MM<\/span>\n\t\t\t<\/div>\n\t\t<\/div>\n\t\t\t\t\t\t<\/div>\n\t\t\t\t<\/div>\n\t\t\t\t<\/div>\n\t\t<div class=\"elementor-element elementor-element-93db48e e-con-full e-flex e-con e-child\" data-id=\"93db48e\" data-element_type=\"container\">\n\t\t\t\t<div class=\"elementor-element elementor-element-f96bfda elementor-widget elementor-widget-counter\" data-id=\"f96bfda\" data-element_type=\"widget\" data-widget_type=\"counter.default\">\n\t\t\t\t<div class=\"elementor-widget-container\">\n\t\t\t\t\t\t\t<div class=\"elementor-counter\">\n\t\t\t<div class=\"elementor-counter-title\">Clientes<\/div>\t\t\t<div class=\"elementor-counter-number-wrapper\">\n\t\t\t\t<span class=\"elementor-counter-number-prefix\">+<\/span>\n\t\t\t\t<span class=\"elementor-counter-number\" data-duration=\"2000\" data-to-value=\"500\" data-from-value=\"0\" data-delimiter=\",\">0<\/span>\n\t\t\t\t<span class=\"elementor-counter-number-suffix\"><\/span>\n\t\t\t<\/div>\n\t\t<\/div>\n\t\t\t\t\t\t<\/div>\n\t\t\t\t<\/div>\n\t\t\t\t<div class=\"elementor-element elementor-element-2d0826f elementor-align-center elementor-widget elementor-widget-button\" data-id=\"2d0826f\" data-element_type=\"widget\" data-widget_type=\"button.default\">\n\t\t\t\t<div class=\"elementor-widget-container\">\n\t\t\t\t\t\t\t\t\t<div class=\"elementor-button-wrapper\">\n\t\t\t\t\t<a class=\"elementor-button elementor-button-link elementor-size-sm\" href=\"https:\/\/api.whatsapp.com\/send\/?phone=555198202441&#038;text&#038;type=phone_number&#038;app_absent=0\">\n\t\t\t\t\t\t<span class=\"elementor-button-content-wrapper\">\n\t\t\t\t\t\t\t\t\t<span class=\"elementor-button-text\">Fale com um especialista<\/span>\n\t\t\t\t\t<\/span>\n\t\t\t\t\t<\/a>\n\t\t\t\t<\/div>\n\t\t\t\t\t\t\t\t<\/div>\n\t\t\t\t<\/div>\n\t\t\t\t<\/div>\n\t\t<div class=\"elementor-element elementor-element-07ddaad e-con-full e-flex e-con e-child\" data-id=\"07ddaad\" data-element_type=\"container\">\n\t\t\t\t<div class=\"elementor-element elementor-element-3f483b5 elementor-widget elementor-widget-counter\" data-id=\"3f483b5\" data-element_type=\"widget\" data-widget_type=\"counter.default\">\n\t\t\t\t<div class=\"elementor-widget-container\">\n\t\t\t\t\t\t\t<div class=\"elementor-counter\">\n\t\t\t<div class=\"elementor-counter-title\">Documentos processados\/ano<\/div>\t\t\t<div class=\"elementor-counter-number-wrapper\">\n\t\t\t\t<span class=\"elementor-counter-number-prefix\">+R$<\/span>\n\t\t\t\t<span class=\"elementor-counter-number\" data-duration=\"2000\" data-to-value=\"10\" data-from-value=\"0\" data-delimiter=\",\">0<\/span>\n\t\t\t\t<span class=\"elementor-counter-number-suffix\">MM<\/span>\n\t\t\t<\/div>\n\t\t<\/div>\n\t\t\t\t\t\t<\/div>\n\t\t\t\t<\/div>\n\t\t\t\t<\/div>\n\t\t\t\t\t<\/div>\n\t\t\t\t<\/div>\n\t\t<div class=\"elementor-element elementor-element-5916ff8 e-flex e-con-boxed e-con e-parent\" data-id=\"5916ff8\" data-element_type=\"container\" data-settings=\"{&quot;background_background&quot;:&quot;classic&quot;}\">\n\t\t\t\t\t<div class=\"e-con-inner\">\n\t\t<div class=\"elementor-element elementor-element-d0b2582 e-con-full e-flex e-con e-child\" data-id=\"d0b2582\" data-element_type=\"container\">\n\t\t\t\t<div class=\"elementor-element elementor-element-d85282a elementor-widget elementor-widget-heading\" data-id=\"d85282a\" data-element_type=\"widget\" data-widget_type=\"heading.default\">\n\t\t\t\t<div class=\"elementor-widget-container\">\n\t\t\t\t\t<h2 class=\"elementor-heading-title elementor-size-default\"><b>Nunca<\/b> foi <b>t\u00e3o<\/b> <b>facil<\/b> ter uma <b>empresa<\/b> <b>mais<\/b> <b>rent\u00e1vel<\/b><\/h2>\t\t\t\t<\/div>\n\t\t\t\t<\/div>\n\t\t\t\t<div class=\"elementor-element elementor-element-09bebe0 elementor-widget elementor-widget-heading\" data-id=\"09bebe0\" data-element_type=\"widget\" data-widget_type=\"heading.default\">\n\t\t\t\t<div class=\"elementor-widget-container\">\n\t\t\t\t\t<h2 class=\"elementor-heading-title elementor-size-default\">- Uma equipe de especialistas cuidando das contas\n<br>\n- Concilia\u00e7\u00e3o banc\u00e1ria\n<br>\n-Gest\u00e3o de faturamento\n<br>\n-Emiss\u00e3o de notas fiscais\n<br>\n-Gera\u00e7\u00e3o de demonstrativos\n<br>\n-Folha de pagamento\n<br>\n-Controle de contas a pagar e a receber<\/h2>\t\t\t\t<\/div>\n\t\t\t\t<\/div>\n\t\t\t\t<\/div>\n\t\t<div class=\"elementor-element elementor-element-8a634c0 e-con-full e-flex e-con e-child\" data-id=\"8a634c0\" data-element_type=\"container\">\n\t\t\t\t<\/div>\n\t\t\t\t\t<\/div>\n\t\t\t\t<\/div>\n\t\t<div class=\"elementor-element elementor-element-7df60d9 e-flex e-con-boxed e-con e-parent\" data-id=\"7df60d9\" data-element_type=\"container\" data-settings=\"{&quot;background_background&quot;:&quot;classic&quot;}\">\n\t\t\t\t\t<div class=\"e-con-inner\">\n\t\t\t\t<div class=\"elementor-element elementor-element-2207a79 elementor-widget elementor-widget-heading\" data-id=\"2207a79\" data-element_type=\"widget\" data-widget_type=\"heading.default\">\n\t\t\t\t<div class=\"elementor-widget-container\">\n\t\t\t\t\t<h2 class=\"elementor-heading-title elementor-size-default\"><b>Pronto<\/b> para <b>transformar<\/b> o dia a dia das <br><b>opera\u00e7\u00f5es<\/b> <b>da sua empresa<\/b>?<\/h2>\t\t\t\t<\/div>\n\t\t\t\t<\/div>\n\t\t\t\t<div class=\"elementor-element elementor-element-3194aab elementor-align-center elementor-widget elementor-widget-button\" data-id=\"3194aab\" data-element_type=\"widget\" data-widget_type=\"button.default\">\n\t\t\t\t<div class=\"elementor-widget-container\">\n\t\t\t\t\t\t\t\t\t<div class=\"elementor-button-wrapper\">\n\t\t\t\t\t<a class=\"elementor-button elementor-button-link elementor-size-sm\" href=\"https:\/\/api.whatsapp.com\/send\/?phone=555198202441&#038;text&#038;type=phone_number&#038;app_absent=0\">\n\t\t\t\t\t\t<span class=\"elementor-button-content-wrapper\">\n\t\t\t\t\t\t\t\t\t<span class=\"elementor-button-text\">Falar com um especialista<\/span>\n\t\t\t\t\t<\/span>\n\t\t\t\t\t<\/a>\n\t\t\t\t<\/div>\n\t\t\t\t\t\t\t\t<\/div>\n\t\t\t\t<\/div>\n\t\t\t\t\t<\/div>\n\t\t\t\t<\/div>\n\t\t<div class=\"elementor-element elementor-element-ee67e9b e-flex e-con-boxed e-con e-parent\" data-id=\"ee67e9b\" data-element_type=\"container\">\n\t\t\t\t\t<div class=\"e-con-inner\">\n\t\t<div class=\"elementor-element elementor-element-25b7476 e-con-full e-flex e-con e-child\" data-id=\"25b7476\" data-element_type=\"container\">\n\t\t\t\t<div class=\"elementor-element elementor-element-be02543 elementor-widget elementor-widget-image\" data-id=\"be02543\" data-element_type=\"widget\" data-widget_type=\"image.default\">\n\t\t\t\t<div class=\"elementor-widget-container\">\n\t\t\t\t\t\t\t\t\t\t\t\t\t\t\t<img loading=\"lazy\" decoding=\"async\" width=\"1024\" height=\"683\" src=\"http:\/\/grupo-inn.com\/wp-content\/uploads\/2024\/07\/DSC5108-1024x683.jpg\" class=\"attachment-large size-large wp-image-1615\" alt=\"\" srcset=\"http:\/\/grupo-inn.com\/wp-content\/uploads\/2024\/07\/DSC5108-1024x683.jpg 1024w, http:\/\/grupo-inn.com\/wp-content\/uploads\/2024\/07\/DSC5108-300x200.jpg 300w, http:\/\/grupo-inn.com\/wp-content\/uploads\/2024\/07\/DSC5108-768x512.jpg 768w, http:\/\/grupo-inn.com\/wp-content\/uploads\/2024\/07\/DSC5108-1536x1024.jpg 1536w, http:\/\/grupo-inn.com\/wp-content\/uploads\/2024\/07\/DSC5108-2048x1365.jpg 2048w\" sizes=\"(max-width: 1024px) 100vw, 1024px\" \/>\t\t\t\t\t\t\t\t\t\t\t\t\t\t\t<\/div>\n\t\t\t\t<\/div>\n\t\t\t\t<\/div>\n\t\t<div class=\"elementor-element elementor-element-b45540f e-con-full e-flex e-con e-child\" data-id=\"b45540f\" data-element_type=\"container\">\n\t\t\t\t<div class=\"elementor-element elementor-element-8b91e27 elementor-widget elementor-widget-heading\" data-id=\"8b91e27\" data-element_type=\"widget\" data-widget_type=\"heading.default\">\n\t\t\t\t<div class=\"elementor-widget-container\">\n\t\t\t\t\t<h2 class=\"elementor-heading-title elementor-size-default\">Conhe\u00e7a o <b>GrupoInn<\/b><\/h2>\t\t\t\t<\/div>\n\t\t\t\t<\/div>\n\t\t\t\t<div class=\"elementor-element elementor-element-9094769 elementor-widget elementor-widget-heading\" data-id=\"9094769\" data-element_type=\"widget\" data-widget_type=\"heading.default\">\n\t\t\t\t<div class=\"elementor-widget-container\">\n\t\t\t\t\t<h2 class=\"elementor-heading-title elementor-size-default\">Ao longo dos anos nossa ess\u00eancia e nossa evolu\u00e7\u00e3o como empresa, foi o que nos manteve no jogo. Hoje, atrav\u00e9s de uma reestruturac\u00e3o, nos tornamos um HUB de Solu\u00e7\u00f5es Empresariais.\nNosso proposito \u00e9 impulsionar o crescimento e o sucesso do seu neg\u00f3cio, atrav\u00e9s de entregas personalizadas que garantem que  cada empresa cliente receba uma solu\u00e7\u00e3o adaptada \u00e0 sua necessidade, de forma personalizada e estrat\u00e9gica.\n<\/h2>\t\t\t\t<\/div>\n\t\t\t\t<\/div>\n\t\t\t\t<\/div>\n\t\t\t\t\t<\/div>\n\t\t\t\t<\/div>\n\t\t<div class=\"elementor-element elementor-element-eb47945 e-flex e-con-boxed e-con e-parent\" data-id=\"eb47945\" data-element_type=\"container\">\n\t\t\t\t\t<div class=\"e-con-inner\">\n\t\t\t\t<div class=\"elementor-element elementor-element-7945a02 elementor-widget elementor-widget-heading\" data-id=\"7945a02\" data-element_type=\"widget\" data-widget_type=\"heading.default\">\n\t\t\t\t<div class=\"elementor-widget-container\">\n\t\t\t\t\t<h2 class=\"elementor-heading-title elementor-size-default\">O que voc\u00ea precisa fazer para o <span class=\"cor\">INNBPO<\/span> cuidar <br>da opera\u00e7\u00e3o da sua empresa?<\/h2>\t\t\t\t<\/div>\n\t\t\t\t<\/div>\n\t\t\t\t<div class=\"elementor-element elementor-element-6faf5bf elementor-align-center elementor-widget elementor-widget-button\" data-id=\"6faf5bf\" data-element_type=\"widget\" data-widget_type=\"button.default\">\n\t\t\t\t<div class=\"elementor-widget-container\">\n\t\t\t\t\t\t\t\t\t<div class=\"elementor-button-wrapper\">\n\t\t\t\t\t<a class=\"elementor-button elementor-button-link elementor-size-sm\" href=\"https:\/\/api.whatsapp.com\/send\/?phone=555198202441&#038;text&#038;type=phone_number&#038;app_absent=0\">\n\t\t\t\t\t\t<span class=\"elementor-button-content-wrapper\">\n\t\t\t\t\t\t\t\t\t<span class=\"elementor-button-text\">Fale com um especialista<\/span>\n\t\t\t\t\t<\/span>\n\t\t\t\t\t<\/a>\n\t\t\t\t<\/div>\n\t\t\t\t\t\t\t\t<\/div>\n\t\t\t\t<\/div>\n\t\t\t\t\t<\/div>\n\t\t\t\t<\/div>\n\t\t<div class=\"elementor-element elementor-element-1807b87 e-flex e-con-boxed e-con e-parent\" data-id=\"1807b87\" data-element_type=\"container\">\n\t\t\t\t\t<div class=\"e-con-inner\">\n\t\t\t\t<div class=\"elementor-element elementor-element-219e895 elementor-absolute e-transform elementor-widget elementor-widget-image\" data-id=\"219e895\" data-element_type=\"widget\" data-settings=\"{&quot;_position&quot;:&quot;absolute&quot;,&quot;_transform_rotateZ_effect&quot;:{&quot;unit&quot;:&quot;px&quot;,&quot;size&quot;:26,&quot;sizes&quot;:[]},&quot;_transform_rotateZ_effect_tablet&quot;:{&quot;unit&quot;:&quot;deg&quot;,&quot;size&quot;:&quot;&quot;,&quot;sizes&quot;:[]},&quot;_transform_rotateZ_effect_mobile&quot;:{&quot;unit&quot;:&quot;deg&quot;,&quot;size&quot;:&quot;&quot;,&quot;sizes&quot;:[]}}\" data-widget_type=\"image.default\">\n\t\t\t\t<div class=\"elementor-widget-container\">\n\t\t\t\t\t\t\t\t\t\t\t\t\t\t\t<img loading=\"lazy\" decoding=\"async\" width=\"1024\" height=\"983\" src=\"http:\/\/grupo-inn.com\/wp-content\/uploads\/2024\/09\/Cubo-vazado-1024x983.png\" class=\"attachment-large size-large wp-image-2345\" alt=\"\" srcset=\"http:\/\/grupo-inn.com\/wp-content\/uploads\/2024\/09\/Cubo-vazado-1024x983.png 1024w, http:\/\/grupo-inn.com\/wp-content\/uploads\/2024\/09\/Cubo-vazado-300x288.png 300w, http:\/\/grupo-inn.com\/wp-content\/uploads\/2024\/09\/Cubo-vazado-768x737.png 768w, http:\/\/grupo-inn.com\/wp-content\/uploads\/2024\/09\/Cubo-vazado.png 1075w\" sizes=\"(max-width: 1024px) 100vw, 1024px\" \/>\t\t\t\t\t\t\t\t\t\t\t\t\t\t\t<\/div>\n\t\t\t\t<\/div>\n\t\t\t\t\t<\/div>\n\t\t\t\t<\/div>\n\t\t\t\t<\/div>\n\t\t","protected":false},"excerpt":{"rendered":"<p>Sua opera\u00e7\u00e3o terceirizada com efici\u00eancia, redu\u00e7\u00e3o de custos e processos simplificados Confie no GrupoInn para uma contabilidade de alto desempenho que oferece compliance garantido, visibilidade financeira e atendimento especializado. Fale com um especialista Gest\u00e3o Financeira Melhore sua gest\u00e3o finaceira e facilite os processos da sua empresa. Ganhe Tempo N\u00f3s cuidamos do operacional equanto voc\u00ea foca [&hellip;]<\/p>\n","protected":false},"author":1,"featured_media":0,"parent":0,"menu_order":0,"comment_status":"closed","ping_status":"closed","template":"elementor_canvas","meta":{"footnotes":""},"class_list":["post-6","page","type-page","status-publish","hentry"],"blocksy_meta":[],"_links":{"self":[{"href":"http:\/\/grupo-inn.com\/index.php\/wp-json\/wp\/v2\/pages\/6","targetHints":{"allow":["GET"]}}],"collection":[{"href":"http:\/\/grupo-inn.com\/index.php\/wp-json\/wp\/v2\/pages"}],"about":[{"href":"http:\/\/grupo-inn.com\/index.php\/wp-json\/wp\/v2\/types\/page"}],"author":[{"embeddable":true,"href":"http:\/\/grupo-inn.com\/index.php\/wp-json\/wp\/v2\/users\/1"}],"replies":[{"embeddable":true,"href":"http:\/\/grupo-inn.com\/index.php\/wp-json\/wp\/v2\/comments?post=6"}],"version-history":[{"count":0,"href":"http:\/\/grupo-inn.com\/index.php\/wp-json\/wp\/v2\/pages\/6\/revisions"}],"wp:attachment":[{"href":"http:\/\/grupo-inn.com\/index.php\/wp-json\/wp\/v2\/media?parent=6"}],"curies":[{"name":"wp","href":"https:\/\/api.w.org\/{rel}","templated":true}]}}